{"id":2253,"date":"2024-01-25T09:28:11","date_gmt":"2024-01-25T08:28:11","guid":{"rendered":"https:\/\/movimientoultreya.org\/?page_id=2253"},"modified":"2024-01-25T09:30:41","modified_gmt":"2024-01-25T08:30:41","slug":"el-movimiento","status":"publish","type":"page","link":"https:\/\/movimientoultreya.org\/ultreya\/el-movimiento\/","title":{"rendered":"El Movimiento"},"content":{"rendered":"<div class=\"wpb-content-wrapper\"><p>[vc_row bg_type=\u00bbimage\u00bb parallax_style=\u00bbvcpb-default\u00bb bg_image_new=\u00bbid^2161|url^https:\/\/movimientoultreya.org\/wp-content\/uploads\/2023\/10\/etapa8-17.jpg|caption^null|alt^null|title^etapa8-17|description^null\u00bb bg_image_repeat=\u00bbno-repeat\u00bb bg_override=\u00bbfull\u00bb enable_overlay=\u00bbenable_overlay_value\u00bb overlay_color=\u00bbrgba(0,0,0,0.3)\u00bb][vc_column][vc_empty_space height=\u00bb50vh\u00bb][\/vc_column][\/vc_row][vc_row][vc_column][vc_column_text]Estimados amigos y amigas.<\/p>\n<p>&nbsp;<\/p>\n<p>Hemos comenzado el a\u00f1o y las buenas noticias no han tardado en aparecer. Tras varios meses dise\u00f1ando lo que ser\u00e1 la quinta edici\u00f3n del Movimiento Ultreya, llega la gran cita de FITUR, se acercan momentos de nervios y de ilusi\u00f3n compartida por un inmenso equipo que ha estado dando forma a un nuevo proyecto con el que volver a vivir emociones \u00fanicas, encuentros excepcionales con la cultura, con el folklore, con la gastronom\u00eda, con los secretos ocultos en lo m\u00e1s intimo de los pueblos de Espa\u00f1a; un proyecto que ofrezca a los afortunados y afortunadas que lo vivan, la oportunidad de sumergirse en las yagas m\u00e1s profundas de la Pen\u00ednsula Ib\u00e9rica para encontrarse con la historia y sus testigos: con monasterios parados en el tiempo, con castillos que soportan estoicos las tempestades de la recia Castilla, con catedrales, museos, talleres artesanos, bodegas, con bandoleros y flamencos, con las monta\u00f1as del norte, con las ricas dehesas y los f\u00e9rtiles valles del sur. Una oportunidad para experimentar una desconexi\u00f3n absoluta de la vida cotidiana, para sumergirse en una aventura, en una mega gymkhana repleta de est\u00edmulos que le bombardear\u00e1n durante un viaje inolvidable por el mejor lugar del mundo, la Pen\u00ednsula Ib\u00e9rica. Y sobre todo, una ocasi\u00f3n sin igual para desplegar la solidaridad y el deseo de ayudar a los pueblos de la Espa\u00f1a rural, los cuales les esperan con los brazos abiertos.<\/p>\n<p>&nbsp;<\/p>\n<p>Invito a todos los amigos y amigas de la aventura, de la solidaridad y de la historia, a que se sumen a la 5\u00aa Vuelta a Espa\u00f1a con materias primas del Movimiento Ultreya M\u00e1s Sol. Aprovecho tambi\u00e9n para agradecer a todos los que contribuyen a que este proyecto \u00fanico a nivel mundial se pueda desarrollar un a\u00f1o m\u00e1s, a empresas e instituciones, y a los hombres y mujeres, a los ni\u00f1os y ni\u00f1as que s\u00e9 que trabajan para que en 2024 el sue\u00f1o vuelva a hacerse realidad.<\/p>\n<p>&nbsp;<\/p>\n<p>Muchas gracias.<\/p>\n<p>&nbsp;<\/p>\n<p>\u00a1ULTREYA!<\/p>\n<p>&nbsp;<\/p>\n<p>&nbsp;<\/p>\n<p>Juan Ignacio Fern\u00e1ndez L\u00f3pez[\/vc_column_text][\/vc_column][\/vc_row]<\/p>\n<\/div>","protected":false},"excerpt":{"rendered":"<p>[vc_row bg_type=\u00bbimage\u00bb parallax_style=\u00bbvcpb-default\u00bb bg_image_new=\u00bbid^2161|url^https:\/\/movimientoultreya.org\/wp-content\/uploads\/2023\/10\/etapa8-17.jpg|caption^null|alt^null|title^etapa8-17|description^null\u00bb bg_image_repeat=\u00bbno-repeat\u00bb bg_override=\u00bbfull\u00bb enable_overlay=\u00bbenable_overlay_value\u00bb overlay_color=\u00bbrgba(0,0,0,0.3)\u00bb][vc_column][vc_empty_space height=\u00bb50vh\u00bb][\/vc_column][\/vc_row][vc_row][vc_column][vc_column_text]Estimados amigos y amigas. &nbsp; Hemos comenzado el a\u00f1o y las buenas noticias no han tardado en aparecer. Tras varios meses dise\u00f1ando lo que ser\u00e1 la quinta edici\u00f3n del Movimiento Ultreya, llega la gran cita de FITUR, se acercan momentos de nervios y de ilusi\u00f3n compartida por&hellip;<\/p>\n","protected":false},"author":3,"featured_media":0,"parent":0,"menu_order":0,"comment_status":"closed","ping_status":"closed","template":"","meta":{"_joinchat":[],"footnotes":""},"class_list":["post-2253","page","type-page","status-publish","hentry","description-off"],"_links":{"self":[{"href":"https:\/\/movimientoultreya.org\/ultreya\/wp-json\/wp\/v2\/pages\/2253","targetHints":{"allow":["GET"]}}],"collection":[{"href":"https:\/\/movimientoultreya.org\/ultreya\/wp-json\/wp\/v2\/pages"}],"about":[{"href":"https:\/\/movimientoultreya.org\/ultreya\/wp-json\/wp\/v2\/types\/page"}],"author":[{"embeddable":true,"href":"https:\/\/movimientoultreya.org\/ultreya\/wp-json\/wp\/v2\/users\/3"}],"replies":[{"embeddable":true,"href":"https:\/\/movimientoultreya.org\/ultreya\/wp-json\/wp\/v2\/comments?post=2253"}],"version-history":[{"count":2,"href":"https:\/\/movimientoultreya.org\/ultreya\/wp-json\/wp\/v2\/pages\/2253\/revisions"}],"predecessor-version":[{"id":2256,"href":"https:\/\/movimientoultreya.org\/ultreya\/wp-json\/wp\/v2\/pages\/2253\/revisions\/2256"}],"wp:attachment":[{"href":"https:\/\/movimientoultreya.org\/ultreya\/wp-json\/wp\/v2\/media?parent=2253"}],"curies":[{"name":"wp","href":"https:\/\/api.w.org\/{rel}","templated":true}]}}