{"id":2332,"date":"2024-02-22T20:36:06","date_gmt":"2024-02-22T19:36:06","guid":{"rendered":"https:\/\/movimientoultreya.org\/?page_id=2332"},"modified":"2024-02-24T19:27:25","modified_gmt":"2024-02-24T18:27:25","slug":"labor-social","status":"publish","type":"page","link":"https:\/\/movimientoultreya.org\/ultreya\/labor-social\/","title":{"rendered":"Labor Social"},"content":{"rendered":"<div class=\"wpb-content-wrapper\"><p>[vc_row bg_type=\u00bbimage\u00bb parallax_style=\u00bbvcpb-default\u00bb bg_image_new=\u00bbid^1880|url^https:\/\/movimientoultreya.org\/wp-content\/uploads\/2023\/10\/0G7A3411-scaled.jpg|caption^null|alt^null|title^0G7A3411|description^null\u00bb bg_image_repeat=\u00bbno-repeat\u00bb bg_override=\u00bbfull\u00bb enable_overlay=\u00bbenable_overlay_value\u00bb overlay_color=\u00bbrgba(0,0,0,0.3)\u00bb][vc_column][vc_empty_space height=\u00bb50vh\u00bb][\/vc_column][\/vc_row][vc_row][vc_column][vc_column_text]<\/p>\n<h2>LABOR SOCIAL DEL\u00a0 MOVIMIENTO ULTREYA<\/h2>\n<p>[\/vc_column_text][vc_column_text]La labor social del movimiento ultreya ha contribuido hasta la fecha con m\u00e1s de 35 proyectos de la Espa\u00f1a rural en diferentes \u00e1mbitos.<\/p>\n<p>&nbsp;<\/p>\n<p>&nbsp;<\/p>\n<p><strong>ASOCIACIONES DE TIPO CIENT\u00cdFICO-HIST\u00d3RICAS<\/strong><\/p>\n<p>&nbsp;<\/p>\n<p>1.- CEMAC: Excavaciones paleontol\u00f3gicas en Fuentes de Le\u00f3n (Badajoz)<br \/>\n2.-ASOCIACI\u00d3N CLUN\u00cd IB\u00c9RICA: Conservadora del rom\u00e1nico palentino.<br \/>\n3.-ASOCIACI\u00d3N 4 ERMITAS: Consevadora de los lugares de Isabel la<br \/>\nCat\u00f3lica en Madrigal de las Altas Torres (\u00c1vila).<br \/>\n4.- BOSQUE DE INTERPRETACI\u00d3N M\u00e1s Sol Ultreya en T\u00e1bara (Zamora).<br \/>\n5.- ASOCIACI\u00d3N POR LA RECUPERACI\u00d3N DEL PATRIMONIO DE<br \/>\nGUADALCANAL: Bosque de los aromas en Guadalcanal (Sevilla).<br \/>\n6.- ASOCIACI\u00d3N AMIGOS DE LAS SALINAS de Poza de la Sal (Burgos).<\/p>\n<p>&nbsp;<\/p>\n<p><strong>ASOCIACIONES DE TIPO CULTURAL-FOLKL\u00d3RICO-IDENTITARIOS<\/strong><\/p>\n<p>&nbsp;<\/p>\n<p>7.- GRUPO FOLKL\u00d3RICO ALISO: Escuela de bailes infantiles de Aliseda<br \/>\n(C\u00e1ceres).<br \/>\n8.- ESCUELA DE DULZAINA DE MACOTERA (Salamanca).<br \/>\n9.- ASOCIACI\u00d3N CULTURAL LA FOLGUERA de T\u00e1bara (Zamora).<br \/>\n10.- ASOCIACI\u00d3N COCAS Y DANZANTES de Castro Caldelas (Ourense).<br \/>\n11.- ASOCIACI\u00d3N RAPACOLLON\u00b4S BIG BAND de Finisterre (A Coru\u00f1a).<br \/>\n12.- COROS Y DANZAS CRISTO DE LA ANTIGUA de Piedrabuena<br \/>\n(Ciudad Real).<br \/>\n13.- COROS Y DANZAS MORTARA de Piedrabuena (Ciudad Real).<br \/>\n14.- CORO ATALANTAR de Guadalupe (C\u00e1ceres).<br \/>\n15.- GRUPO FOLKL\u00d3RICO LOS MARZEROS de Cervera de Pisuerga<br \/>\n(Palencia).<br \/>\n16.- ASOCIACI\u00d3N LA VIJANERA de Sili\u00f3 en el valle de Igu\u00f1a (Cantabria).<br \/>\n17.- ASOCIACI\u00d3N COROL DE LI\u00c9BANA en el valle de Li\u00e9bana<br \/>\n(Cantabria).<br \/>\n18.- ASOCIACI\u00d3N DEPORTIVA LOS ABUBILLOS de Guadalupe<br \/>\n(C\u00e1ceres).<\/p>\n<p>&nbsp;<\/p>\n<p><strong>ASOCIACIONES DE TIPO ASISTENCIAL<\/strong><\/p>\n<p>&nbsp;<\/p>\n<p>19.- ASOCIACI\u00d3N AFAR: ayuda a personas sin hogar. Alcal\u00e1 de Guadaira<br \/>\n(Sevilla).<br \/>\n20.- ASOCIACI\u00d3N ASDIVI: ayuda a personas con discapacidad de la<br \/>\ncomarca de las Villuercas (C\u00e1ceres).<br \/>\n21.- ASOCIACI\u00d3N ANDAINA PRO SA\u00daDE MENTAL: ayuda a personas con<br \/>\ndiscapacidad mental del Concello de Dodro (A Coru\u00f1a).<br \/>\n22.- ASOCIACI\u00d3N DE EDUCACI\u00d3N ESPECIAL: ayuda a discapacitados<br \/>\nintelectuales de Alcal\u00e1 de Guadaira (Sevilla).<br \/>\n23.- ASOCIACI\u00d3N CULTURAL OS TRES REINOS: ayuda a ni\u00f1os y mayores<br \/>\ndel concello de A Mezquita (Ourense).<\/p>\n<p>&nbsp;<\/p>\n<p><strong>AYUDA SOCIAL CONTRA LA POBREZA<\/strong><\/p>\n<p>&nbsp;<\/p>\n<p>24.- Colaborando con C\u00e1ritas Alcal\u00e1 de Guadaira.<br \/>\n25.- Colaborando con C\u00e1ritas C\u00f3rdoba.<br \/>\n26.- Colaborando con C\u00e1ritas C\u00e1ceres.<br \/>\n27.- Colaborando con C\u00e1ritas Salamanca.<br \/>\n28.- Colaborando con C\u00e1ritas T\u00e1bara.<br \/>\n29.- Colaborando con C\u00e1ritas Valladolid.<br \/>\n30.- Colaborando con C\u00e1ritas Burgos.<br \/>\n31.- Colaborando con C\u00e1ritas Santander.<br \/>\n32.- Colaborando con C\u00e1ritas Vitoria.<br \/>\n33.- Colaborando con C\u00e1ritas Tudela.<br \/>\n34.- Colaborando con C\u00e1ritas Huesca.<br \/>\n35.- Colaborando con C\u00e1ritas Alca\u00f1iz.<br \/>\n36.- Colaborando con C\u00e1ritas Terurel.<br \/>\n37.- Colaborando con C\u00e1ritas Cuenta.<br \/>\n38.- Colaborando con C\u00e1ritas Madrid.[\/vc_column_text][\/vc_column][\/vc_row]<\/p>\n<\/div>","protected":false},"excerpt":{"rendered":"<p>[vc_row bg_type=\u00bbimage\u00bb parallax_style=\u00bbvcpb-default\u00bb bg_image_new=\u00bbid^1880|url^https:\/\/movimientoultreya.org\/wp-content\/uploads\/2023\/10\/0G7A3411-scaled.jpg|caption^null|alt^null|title^0G7A3411|description^null\u00bb bg_image_repeat=\u00bbno-repeat\u00bb bg_override=\u00bbfull\u00bb enable_overlay=\u00bbenable_overlay_value\u00bb overlay_color=\u00bbrgba(0,0,0,0.3)\u00bb][vc_column][vc_empty_space height=\u00bb50vh\u00bb][\/vc_column][\/vc_row][vc_row][vc_column][vc_column_text] LABOR SOCIAL DEL\u00a0 MOVIMIENTO ULTREYA [\/vc_column_text][vc_column_text]La labor social del movimiento ultreya ha contribuido hasta la fecha con m\u00e1s de 35 proyectos de la Espa\u00f1a rural en diferentes \u00e1mbitos. &nbsp; &nbsp; ASOCIACIONES DE TIPO CIENT\u00cdFICO-HIST\u00d3RICAS &nbsp; 1.- CEMAC: Excavaciones paleontol\u00f3gicas en Fuentes de Le\u00f3n (Badajoz) 2.-ASOCIACI\u00d3N CLUN\u00cd&hellip;<\/p>\n","protected":false},"author":2,"featured_media":0,"parent":0,"menu_order":0,"comment_status":"closed","ping_status":"closed","template":"","meta":{"_joinchat":[],"footnotes":""},"class_list":["post-2332","page","type-page","status-publish","hentry","description-off"],"_links":{"self":[{"href":"https:\/\/movimientoultreya.org\/ultreya\/wp-json\/wp\/v2\/pages\/2332","targetHints":{"allow":["GET"]}}],"collection":[{"href":"https:\/\/movimientoultreya.org\/ultreya\/wp-json\/wp\/v2\/pages"}],"about":[{"href":"https:\/\/movimientoultreya.org\/ultreya\/wp-json\/wp\/v2\/types\/page"}],"author":[{"embeddable":true,"href":"https:\/\/movimientoultreya.org\/ultreya\/wp-json\/wp\/v2\/users\/2"}],"replies":[{"embeddable":true,"href":"https:\/\/movimientoultreya.org\/ultreya\/wp-json\/wp\/v2\/comments?post=2332"}],"version-history":[{"count":7,"href":"https:\/\/movimientoultreya.org\/ultreya\/wp-json\/wp\/v2\/pages\/2332\/revisions"}],"predecessor-version":[{"id":2362,"href":"https:\/\/movimientoultreya.org\/ultreya\/wp-json\/wp\/v2\/pages\/2332\/revisions\/2362"}],"wp:attachment":[{"href":"https:\/\/movimientoultreya.org\/ultreya\/wp-json\/wp\/v2\/media?parent=2332"}],"curies":[{"name":"wp","href":"https:\/\/api.w.org\/{rel}","templated":true}]}}