{"id":392,"date":"2022-03-07T19:11:36","date_gmt":"2022-03-07T18:11:36","guid":{"rendered":"https:\/\/movimientoultreya.org\/?page_id=392"},"modified":"2022-03-07T20:11:37","modified_gmt":"2022-03-07T19:11:37","slug":"colabora","status":"publish","type":"page","link":"https:\/\/movimientoultreya.org\/ultreya\/colabora\/","title":{"rendered":"Colabora"},"content":{"rendered":"<div class=\"wpb-content-wrapper\"><p>[vc_row gap=\u00bb20&#8243; equal_height=\u00bbyes\u00bb content_placement=\u00bbmiddle\u00bb bg_type=\u00bbbg_color\u00bb bg_override=\u00bbfull\u00bb bg_color_value=\u00bb#f7f7f7&#8243; css=\u00bb.vc_custom_1646677478093{padding-top: 40px !important;padding-bottom: 50px !important;}\u00bb][vc_column width=\u00bb1\/2&#8243;][vc_single_image image=\u00bb19&#8243; img_size=\u00bb1080&#215;1080&#8243;][\/vc_column][vc_column width=\u00bb1\/2&#8243;][vc_column_text]<\/p>\n<h2 style=\"text-align: left;\">\u00bfPor qu\u00e9 colaborar?<\/h2>\n<p style=\"text-align: left;\"><div class=\"gap\" style=\"line-height: 10px; height: 10px;\"><\/div>La primera y m\u00e1s importante raz\u00f3n reside en la satisfacci\u00f3n que supone participar de un evento solidario de esta envergadura. Formar parte del movimiento de solidaridad y cooperaci\u00f3n con el que queremos recorrer la pen\u00ednsula. Pero, adem\u00e1s, entre nuestros objetivos est\u00e1 reactivar la econom\u00eda e incentivar el comercio local. Por lo tanto, todos los colaboradores entrar\u00edan en esa rueda de incentivaci\u00f3n econ\u00f3mica, que estamos seguros de que generar\u00e1 peque\u00f1os movimientos que conducir\u00e1n a otros de mayor envergadura.<\/p>\n<p style=\"text-align: left;\">Por otra parte, Movimiento Ultreya se compromete a dar visibilidad y difusi\u00f3n a toda entidad que colabore con el proyecto, utilizando todos los medios a nuestro alcance para promocionarlos, tanto en redes sociales como en toda la prensa y medios audiovisuales que seamos capaces de movilizar.<\/p>\n<p style=\"text-align: left;\">Adem\u00e1s, en nuestras comunicaciones con los empresarios, estamos facilitando y potenciando la asociaci\u00f3n entre empresas, grupos empresariales, c\u00e1maras de comercio&#8230; Estamos contribuyendo directamente al di\u00e1logo y cooperaci\u00f3n entre entidades que est\u00e1n descubriendo nuevas v\u00edas de di\u00e1logo y cooperaci\u00f3n mutuas. En muchos casos se est\u00e1 produciendo un hermanamiento real.<\/p>\n<p>[\/vc_column_text][\/vc_column][\/vc_row][vc_row bg_type=\u00bbbg_color\u00bb bg_override=\u00bbfull\u00bb seperator_enable=\u00bbseperator_enable_value\u00bb seperator_type=\u00bbtriangle_svg_seperator\u00bb seperator_svg_height=\u00bb60&#8243; seperator_shape_background=\u00bb#f7f7f7&#8243; bg_color_value=\u00bb#ffffff\u00bb css=\u00bb.vc_custom_1643135054818{margin-bottom: 30px !important;}\u00bb][vc_column][vc_empty_space height=\u00bb30px\u00bb][\/vc_column][\/vc_row][vc_row css=\u00bb.vc_custom_1646678191560{margin-bottom: 50px !important;}\u00bb][vc_column][vc_column_text]<\/p>\n<h2 style=\"text-align: center;\">\u00bfC\u00f3mo participar?<\/h2>\n<p>[\/vc_column_text][vc_tta_tabs style=\u00bbflat\u00bb shape=\u00bbsquare\u00bb color=\u00bbwhite\u00bb alignment=\u00bbcenter\u00bb active_section=\u00bb1&#8243; no_fill_content_area=\u00bbtrue\u00bb][vc_tta_section title=\u00bbPRESTACI\u00d3N DE SERVICIOS\u00bb tab_id=\u00bb1643135392174-1a637988-cc11&#8243;][vc_empty_space][vc_row_inner equal_height=\u00bbyes\u00bb content_placement=\u00bbmiddle\u00bb gap=\u00bb25&#8243;][vc_column_inner width=\u00bb1\/2&#8243;][vc_single_image image=\u00bb184&#8243; img_size=\u00bbfull\u00bb][\/vc_column_inner][vc_column_inner width=\u00bb1\/2&#8243;][vc_column_text]<\/p>\n<h6 style=\"background: linear-gradient(90deg, rgba(255,48,1,1) 0%, rgba(255,237,0,1) 100%); color: #fff; padding: 5px 15px; display: inline-block; letter-spacing: 1px;\">OPCI\u00d3N 1<\/h6>\n<p>[\/vc_column_text][vc_column_text]Las empresas o entidades que se basan en la prestaci\u00f3n de servicios o bienes materiales, pueden participar facilitando aquello de que disponen. Por ejemplo, algunos hoteles y hostales facilitan el alojamiento de la expedici\u00f3n y precios especiales para toda la caravana que la acompa\u00f1a. En esta categor\u00eda pueden participar empresas de restauraci\u00f3n, alquiler de veh\u00edculos&#8230; Tambi\u00e9n contamos con la colaboraci\u00f3n de psic\u00f3logos, preparadores f\u00edsicos e inclusos coaches y especialistas en redes sociales.[\/vc_column_text][\/vc_column_inner][\/vc_row_inner][\/vc_tta_section][vc_tta_section title=\u00bbAPORTACI\u00d3N ECON\u00d3MICA\u00bb tab_id=\u00bb1643133140520-c0d709ef-ee36&#8243;][vc_empty_space][vc_row_inner equal_height=\u00bbyes\u00bb content_placement=\u00bbmiddle\u00bb gap=\u00bb25&#8243;][vc_column_inner width=\u00bb1\/2&#8243;][vc_single_image image=\u00bb138&#8243; img_size=\u00bbfull\u00bb][\/vc_column_inner][vc_column_inner width=\u00bb1\/2&#8243;][vc_column_text]<\/p>\n<h6 style=\"background: linear-gradient(90deg, rgba(255,48,1,1) 0%, rgba(255,237,0,1) 100%); color: #fff; padding: 5px 15px; display: inline-block; letter-spacing: 1px;\">OPCI\u00d3N 2<\/h6>\n<p>[\/vc_column_text]<div class=\"standard-number-list list-divider bullet-top\"><p>La opci\u00f3n m\u00e1s sencilla y que m\u00e1s posibilidades nos ofrece, a la hora de gestionar, es la aportaci\u00f3n econ\u00f3mica directa. Estas aportaciones son necesarias para poder alcanzar los objetivos del proyecto. Para canalizarlas, contamos con la colaboraci\u00f3n de C\u00e1ritas Espa\u00f1a y el trabajo coordinado con las diferentes delegaciones a lo largo del territorio nacional, procurando siempre en esta f\u00f3rmula la m\u00e1xima implicaci\u00f3n con el peque\u00f1o comercio y la ayuda a las familias m\u00e1s necesitadas.<\/p>\n<p>Es importante recalcar que Movimiento Ultreya se constituye como Asociaci\u00f3n Sin \u00c1nimo de Lucro, por lo que ninguna de las personas que trabajan en Movimiento Ultreya reciben recompensa econ\u00f3mica por su labor. Toda aportaci\u00f3n econ\u00f3mica se destina \u00cdNTEGRAMENTE a sufragar los necesarios gastos del proyecto y a la contribuci\u00f3n social que realizamos.<\/p>\n<\/div>[\/vc_column_inner][\/vc_row_inner][\/vc_tta_section][vc_tta_section title=\u00bbBIENES MATERIALES O CONSUMIBLES\u00bb tab_id=\u00bb1643133140573-328441fc-c679&#8243;][vc_empty_space][vc_row_inner equal_height=\u00bbyes\u00bb content_placement=\u00bbmiddle\u00bb gap=\u00bb25&#8243;][vc_column_inner width=\u00bb1\/2&#8243;][vc_single_image image=\u00bb182&#8243; img_size=\u00bbfull\u00bb][\/vc_column_inner][vc_column_inner width=\u00bb1\/2&#8243;][vc_column_text]<\/p>\n<h6 style=\"background: linear-gradient(90deg, rgba(255,48,1,1) 0%, rgba(255,237,0,1) 100%); color: #fff; padding: 5px 15px; display: inline-block; letter-spacing: 1px;\">OPCI\u00d3N 3<\/h6>\n<p>[\/vc_column_text][vc_column_text]Podemos encontrarnos tambi\u00e9n con el caso de empresa o entidades que pueden ofrecer bienes materiales. En estos casos, pueden colaborar y participar del proyecto haciendo donaciones de dichos bienes o consumibles. De este modo, podemos encontrarnos con situaciones en las que ciertas empresas colaboran con la expedici\u00f3n, como Gobik, que lo hace con la ropa deportiva que utilizamos, (o algunas marcas de nutrici\u00f3n deportiva), mientras que otras lo pueden hacer directamente con C\u00e1ritas Espa\u00f1a por tratarse de productos b\u00e1sicos o que pueden paliar algunas necesidades de las familias m\u00e1s vulnerables ante la crisis.<br \/>\n\u200b[\/vc_column_text][\/vc_column_inner][\/vc_row_inner][\/vc_tta_section][\/vc_tta_tabs][vc_row_inner][vc_column_inner width=\u00bb1\/6&#8243;][\/vc_column_inner][vc_column_inner width=\u00bb2\/3&#8243;][vc_raw_html]JTNDZGl2JTIwc3R5bGUlM0QlMjJ3aWR0aCUzQTJweCUzQiUyMGhlaWdodCUzQTUwcHglM0IlMjBtYXJnaW4tbGVmdCUzQWF1dG8lM0IlMjBtYXJnaW4tcmlnaHQlM0FhdXRvJTNCJTIwYm9yZGVyLWxlZnQlM0ElMjBkb3R0ZWQlMjAycHglMjAlMjNmZjMwMDElM0IlMjIlM0UlM0MlMkZkaXYlM0U=[\/vc_raw_html][vc_column_text css=\u00bb.vc_custom_1646678833737{padding-top: 40px !important;padding-right: 25px !important;padding-bottom: 25px !important;padding-left: 25px !important;background-color: #ff3001 !important;}\u00bb]<\/p>\n<p style=\"text-align: center;\"><span style=\"color: #ffffff;\">Si deseas participar en el proyecto con alguna de estas f\u00f3rmulas, te facilitamos un correo electr\u00f3nico y un tel\u00e9fono de contacto:<\/span><\/p>\n<p style=\"text-align: center;\"><span style=\"color: #ffffff;\">movimientoultreya@gmail.com | Tel\u00e9fono y Whatsapp: 639 83 44 77<\/span><\/p>\n<p style=\"text-align: center; margin-bottom: 20px;\"><span style=\"color: #ffffff;\">En Bizum, ve a donaciones y escribe \u00abUltreya\u00bb<\/span><\/p>\n<p>[\/vc_column_text][\/vc_column_inner][vc_column_inner width=\u00bb1\/6&#8243;][\/vc_column_inner][\/vc_row_inner][\/vc_column][\/vc_row][vc_row bg_type=\u00bbbg_color\u00bb bg_override=\u00bbfull\u00bb seperator_enable=\u00bbseperator_enable_value\u00bb seperator_type=\u00bbtriangle_svg_seperator\u00bb seperator_position=\u00bbbottom_seperator\u00bb seperator_svg_height=\u00bb60&#8243; seperator_shape_background=\u00bb#f7f7f7&#8243; bg_color_value=\u00bb#ffffff\u00bb][vc_column][vc_empty_space height=\u00bb30px\u00bb][\/vc_column][\/vc_row][vc_row gap=\u00bb30&#8243; equal_height=\u00bbyes\u00bb content_placement=\u00bbmiddle\u00bb bg_type=\u00bbbg_color\u00bb bg_override=\u00bbfull\u00bb bg_color_value=\u00bb#f7f7f7&#8243; css=\u00bb.vc_custom_1646677098641{padding-top: 70px !important;padding-bottom: 70px !important;}\u00bb][vc_column][vc_row_inner][vc_column_inner width=\u00bb1\/6&#8243;][\/vc_column_inner][vc_column_inner width=\u00bb2\/3&#8243;][vc_column_text]<\/p>\n<h2 style=\"text-align: center;\">L\u00edneas para la financiaci\u00f3n<\/h2>\n<p style=\"text-align: center;\">En funci\u00f3n de las dimensiones y el alcance de la ayuda que cada entidad pueda aportar, establecemos diferentes grados de promoci\u00f3n, algo as\u00ed como las 4 l\u00edneas para la financiaci\u00f3n del proyecto, que si bien es muy matizable y adaptable a seg\u00fan qu\u00e9 circunstancias, en l\u00edneas generales quedar\u00eda del siguiente modo.<\/p>\n<p>[\/vc_column_text][\/vc_column_inner][vc_column_inner width=\u00bb1\/6&#8243;][\/vc_column_inner][\/vc_row_inner][vc_row_inner equal_height=\u00bbyes\u00bb gap=\u00bb20&#8243;][vc_column_inner width=\u00bb1\/4&#8243; css=\u00bb.vc_custom_1646680180136{padding-right: 20px !important;padding-left: 20px !important;background-color: #ff3001 !important;}\u00bb][vc_column_text]<\/p>\n<h3 style=\"text-align: center;\"><span style=\"color: #ffffff;\">L\u00ednea Tajo<\/span><\/h3>\n<p style=\"text-align: center;\"><span style=\"color: #ffffff;\">Es la l\u00ednea dise\u00f1ada para las entidades con gran capacidad econ\u00f3mica que pueden aportar hasta 3.000\u20ac o incluso cantidades superiores.<\/span><\/p>\n<p>[\/vc_column_text][\/vc_column_inner][vc_column_inner width=\u00bb1\/4&#8243; css=\u00bb.vc_custom_1646680225878{padding-right: 20px !important;padding-left: 20px !important;background-color: #ffffff !important;}\u00bb][vc_column_text]<\/p>\n<h3 style=\"text-align: center;\">L\u00ednea Guadalquivir<\/h3>\n<p style=\"text-align: center;\">Esta l\u00ednea est\u00e1 pensada para aportaciones econ\u00f3micas que puedan situarse en torno a los 1.500\u20ac<\/p>\n<p>[\/vc_column_text][\/vc_column_inner][vc_column_inner width=\u00bb1\/4&#8243; css=\u00bb.vc_custom_1646680232761{padding-right: 20px !important;padding-left: 20px !important;background-color: #ff3001 !important;}\u00bb][vc_column_text]<\/p>\n<h3 style=\"text-align: center;\"><span style=\"color: #ffffff;\">L\u00ednea Ebro<\/span><\/h3>\n<p style=\"text-align: center;\"><span style=\"color: #ffffff;\">Si las posibilidades de colaboraci\u00f3n rondan los 500\u20ac, estar\u00edan en la tercera l\u00ednea.<\/span><\/p>\n<p>[\/vc_column_text][\/vc_column_inner][vc_column_inner width=\u00bb1\/4&#8243; css=\u00bb.vc_custom_1646680239730{padding-right: 20px !important;padding-left: 20px !important;background-color: #ffffff !important;}\u00bb][vc_column_text]<\/p>\n<h3 style=\"text-align: center;\">L\u00ednea Duero<\/h3>\n<p style=\"text-align: center;\">Las aportaciones econ\u00f3micas m\u00e1s b\u00e1sicas. Estipulamos un m\u00ednimo de 50\u20ac para entrar en el sistema de promoci\u00f3n.<\/p>\n<p>[\/vc_column_text][\/vc_column_inner][\/vc_row_inner][\/vc_column][\/vc_row]<\/p>\n<\/div>","protected":false},"excerpt":{"rendered":"<p>[vc_row gap=\u00bb20&#8243; equal_height=\u00bbyes\u00bb content_placement=\u00bbmiddle\u00bb bg_type=\u00bbbg_color\u00bb bg_override=\u00bbfull\u00bb bg_color_value=\u00bb#f7f7f7&#8243; css=\u00bb.vc_custom_1646677478093{padding-top: 40px !important;padding-bottom: 50px !important;}\u00bb][vc_column width=\u00bb1\/2&#8243;][vc_single_image image=\u00bb19&#8243; img_size=\u00bb1080&#215;1080&#8243;][\/vc_column][vc_column width=\u00bb1\/2&#8243;][vc_column_text] \u00bfPor qu\u00e9 colaborar? La primera y m\u00e1s importante raz\u00f3n reside en la satisfacci\u00f3n que supone participar de un evento solidario de esta envergadura. Formar parte del movimiento de solidaridad y cooperaci\u00f3n con el que queremos recorrer la pen\u00ednsula. Pero,&hellip;<\/p>\n","protected":false},"author":1,"featured_media":0,"parent":0,"menu_order":0,"comment_status":"closed","ping_status":"closed","template":"","meta":{"_joinchat":[],"footnotes":""},"class_list":["post-392","page","type-page","status-publish","hentry","description-off"],"_links":{"self":[{"href":"https:\/\/movimientoultreya.org\/ultreya\/wp-json\/wp\/v2\/pages\/392","targetHints":{"allow":["GET"]}}],"collection":[{"href":"https:\/\/movimientoultreya.org\/ultreya\/wp-json\/wp\/v2\/pages"}],"about":[{"href":"https:\/\/movimientoultreya.org\/ultreya\/wp-json\/wp\/v2\/types\/page"}],"author":[{"embeddable":true,"href":"https:\/\/movimientoultreya.org\/ultreya\/wp-json\/wp\/v2\/users\/1"}],"replies":[{"embeddable":true,"href":"https:\/\/movimientoultreya.org\/ultreya\/wp-json\/wp\/v2\/comments?post=392"}],"version-history":[{"count":37,"href":"https:\/\/movimientoultreya.org\/ultreya\/wp-json\/wp\/v2\/pages\/392\/revisions"}],"predecessor-version":[{"id":429,"href":"https:\/\/movimientoultreya.org\/ultreya\/wp-json\/wp\/v2\/pages\/392\/revisions\/429"}],"wp:attachment":[{"href":"https:\/\/movimientoultreya.org\/ultreya\/wp-json\/wp\/v2\/media?parent=392"}],"curies":[{"name":"wp","href":"https:\/\/api.w.org\/{rel}","templated":true}]}}