{"id":795,"date":"2023-01-17T15:44:48","date_gmt":"2023-01-17T14:44:48","guid":{"rendered":"https:\/\/movimientoultreya.org\/?page_id=795"},"modified":"2023-01-20T12:48:04","modified_gmt":"2023-01-20T11:48:04","slug":"etapas-2023","status":"publish","type":"page","link":"https:\/\/movimientoultreya.org\/ultreya\/etapas-2023\/","title":{"rendered":"Etapas 2023"},"content":{"rendered":"<div class=\"wpb-content-wrapper\"><p>[vc_row][vc_column][vc_row_inner][vc_column_inner width=\u00bb1\/4&#8243;][\/vc_column_inner][vc_column_inner width=\u00bb1\/2&#8243;][vc_column_text]<\/p>\n<h2 style=\"text-align: center;\">Etapas 2023<\/h2>\n<p>[\/vc_column_text][vc_column_text]<\/p>\n<p style=\"text-align: center;\">Descubre las pr\u00f3ximas etapas que tendr\u00e1n lugar con el movimiento \u00c9pico Ultreya 2023.<\/p>\n<p>[\/vc_column_text][\/vc_column_inner][vc_column_inner width=\u00bb1\/4&#8243;][\/vc_column_inner][\/vc_row_inner][vc_masonry_grid post_type=\u00bbdt_portfolio\u00bb max_items=\u00bb8&#8243; orderby=\u00bbtitle\u00bb order=\u00bbASC\u00bb initial_loading_animation=\u00bbfadeIn\u00bb grid_id=\u00bbvc_gid:1674215106547-2278505b7040a6b625e8f60ea3d63fad-7&#8243; taxonomies=\u00bb13&#8243;][\/vc_column][\/vc_row]<\/p>\n<\/div>","protected":false},"excerpt":{"rendered":"<p>[vc_row][vc_column][vc_row_inner][vc_column_inner width=\u00bb1\/4&#8243;][\/vc_column_inner][vc_column_inner width=\u00bb1\/2&#8243;][vc_column_text] Etapas 2023 [\/vc_column_text][vc_column_text] Descubre las pr\u00f3ximas etapas que tendr\u00e1n lugar con el movimiento \u00c9pico Ultreya 2023. [\/vc_column_text][\/vc_column_inner][vc_column_inner width=\u00bb1\/4&#8243;][\/vc_column_inner][\/vc_row_inner][vc_masonry_grid post_type=\u00bbdt_portfolio\u00bb max_items=\u00bb8&#8243; orderby=\u00bbtitle\u00bb order=\u00bbASC\u00bb initial_loading_animation=\u00bbfadeIn\u00bb grid_id=\u00bbvc_gid:1674215106547-2278505b7040a6b625e8f60ea3d63fad-7&#8243; taxonomies=\u00bb13&#8243;][\/vc_column][\/vc_row]<\/p>\n","protected":false},"author":3,"featured_media":0,"parent":0,"menu_order":0,"comment_status":"closed","ping_status":"closed","template":"","meta":{"_joinchat":[],"footnotes":""},"class_list":["post-795","page","type-page","status-publish","hentry","description-off"],"_links":{"self":[{"href":"https:\/\/movimientoultreya.org\/ultreya\/wp-json\/wp\/v2\/pages\/795","targetHints":{"allow":["GET"]}}],"collection":[{"href":"https:\/\/movimientoultreya.org\/ultreya\/wp-json\/wp\/v2\/pages"}],"about":[{"href":"https:\/\/movimientoultreya.org\/ultreya\/wp-json\/wp\/v2\/types\/page"}],"author":[{"embeddable":true,"href":"https:\/\/movimientoultreya.org\/ultreya\/wp-json\/wp\/v2\/users\/3"}],"replies":[{"embeddable":true,"href":"https:\/\/movimientoultreya.org\/ultreya\/wp-json\/wp\/v2\/comments?post=795"}],"version-history":[{"count":16,"href":"https:\/\/movimientoultreya.org\/ultreya\/wp-json\/wp\/v2\/pages\/795\/revisions"}],"predecessor-version":[{"id":957,"href":"https:\/\/movimientoultreya.org\/ultreya\/wp-json\/wp\/v2\/pages\/795\/revisions\/957"}],"wp:attachment":[{"href":"https:\/\/movimientoultreya.org\/ultreya\/wp-json\/wp\/v2\/media?parent=795"}],"curies":[{"name":"wp","href":"https:\/\/api.w.org\/{rel}","templated":true}]}}